{"id":36,"date":"2006-08-16T17:52:49","date_gmt":"2006-08-16T16:52:49","guid":{"rendered":"http:\/\/www.madridmusic.com\/hispageek\/index.php\/lo-que-cuentan-por-ahi\/"},"modified":"2006-08-22T16:49:14","modified_gmt":"2006-08-22T15:49:14","slug":"lo-que-cuentan-por-ahi","status":"publish","type":"page","link":"http:\/\/madridmusic.com\/hispageek\/?page_id=36","title":{"rendered":"Lo que cuentan por ah\u00ed"},"content":{"rendered":"<hr size=1 color=#9BBB38\/><iframe loading=\"lazy\" src=\"http:\/\/www.madridmusic.com\/hispageek\/notiweb.php\" width=\"470\" scrolling=\"auto\" height=\"4100\" frameborder=\"0\"> [Su navegador no soporta marcos o est\u00e1 actualmente configurado para no mostrarlos. Si quiere ver los \u00faltimos art\u00edculos, puede visitar <a href=\"http:\/\/www.madridmusic.com\/hispageek\/notiweb.php\">http:\/\/www.madridmusic.com\/hispageek\/<\/a>]<br \/>\n<\/iframe><br \/>\n<a href=\"http:\/\/www.madridmusic.com\/hispageek\/codigos.htm\" target=\"_blank\">Incluya los \u00faltimos art\u00edculos en su web o blog<\/a><br \/>\n<a href=\"http:\/\/www.madridmusic.com\/hispageek\/notiweb.php\" target=\"_blank\">Versi\u00f3n para imprimir<\/a><\/p>\n","protected":false},"excerpt":{"rendered":"<p>[Su navegador no soporta marcos o est\u00e1 actualmente configurado para no mostrarlos. Si quiere ver los \u00faltimos art\u00edculos, puede visitar http:\/\/www.madridmusic.com\/hispageek\/] Incluya los \u00faltimos art\u00edculos en su web o blog Versi\u00f3n para imprimir<\/p>\n","protected":false},"author":1,"featured_media":0,"parent":0,"menu_order":0,"comment_status":"open","ping_status":"open","template":"","meta":[],"_links":{"self":[{"href":"http:\/\/madridmusic.com\/hispageek\/index.php?rest_route=\/wp\/v2\/pages\/36"}],"collection":[{"href":"http:\/\/madridmusic.com\/hispageek\/index.php?rest_route=\/wp\/v2\/pages"}],"about":[{"href":"http:\/\/madridmusic.com\/hispageek\/index.php?rest_route=\/wp\/v2\/types\/page"}],"author":[{"embeddable":true,"href":"http:\/\/madridmusic.com\/hispageek\/index.php?rest_route=\/wp\/v2\/users\/1"}],"replies":[{"embeddable":true,"href":"http:\/\/madridmusic.com\/hispageek\/index.php?rest_route=%2Fwp%2Fv2%2Fcomments&post=36"}],"version-history":[{"count":0,"href":"http:\/\/madridmusic.com\/hispageek\/index.php?rest_route=\/wp\/v2\/pages\/36\/revisions"}],"wp:attachment":[{"href":"http:\/\/madridmusic.com\/hispageek\/index.php?rest_route=%2Fwp%2Fv2%2Fmedia&parent=36"}],"curies":[{"name":"wp","href":"https:\/\/api.w.org\/{rel}","templated":true}]}}